{"id":767,"date":"2020-08-27T22:43:27","date_gmt":"2020-08-27T22:43:27","guid":{"rendered":"https:\/\/bighearts.wgl-demo.net\/?page_id=767"},"modified":"2025-11-15T21:18:48","modified_gmt":"2025-11-16T02:18:48","slug":"contactanos","status":"publish","type":"page","link":"https:\/\/acaminar.org\/en\/contactanos\/","title":{"rendered":"Cont\u00e1ctanos"},"content":{"rendered":"<div data-elementor-type=\"wp-page\" data-elementor-id=\"767\" class=\"elementor elementor-767\">\n\t\t\t\t\t\t<section class=\"elementor-section elementor-top-section elementor-element elementor-element-2bc331d elementor-reverse-tablet elementor-reverse-mobile elementor-section-boxed elementor-section-height-default elementor-section-height-default\" data-id=\"2bc331d\" data-element_type=\"section\">\n\t\t\t\t\t\t<div class=\"elementor-container elementor-column-gap-default\">\n\t\t\t\t\t<div class=\"elementor-column elementor-col-50 elementor-top-column elementor-element elementor-element-5defa4e\" data-id=\"5defa4e\" data-element_type=\"column\">\n\t\t\t<div class=\"elementor-widget-wrap elementor-element-populated\">\n\t\t\t\t\t\t<div class=\"elementor-element elementor-element-dd2894b elementor-widget elementor-widget-wgl-image-layers\" data-id=\"dd2894b\" data-element_type=\"widget\" data-widget_type=\"wgl-image-layers.default\">\n\t\t\t\t<div class=\"elementor-widget-container\">\n\t\t\t\t\t<div class=\"wgl-image-layers\"><div class=\"img-layer_image-wrapper slide_up elementor-repeater-item-e17679c\"><div class=\"img-layer_item\"><div class=\"img-layer_image\" style=\"transition-delay: 600ms;\"><img decoding=\"async\" src=\"https:\/\/acaminar.org\/wp-content\/uploads\/2025\/11\/foto_contactanos-1.png\" alt=\"foto_contactanos 1\" title=\"foto_contactanos 1\"><\/div><\/div><\/div><\/div>\t\t\t\t<\/div>\n\t\t\t\t<\/div>\n\t\t\t\t\t<\/div>\n\t\t<\/div>\n\t\t\t\t<div class=\"elementor-column elementor-col-50 elementor-top-column elementor-element elementor-element-da787d5\" data-id=\"da787d5\" data-element_type=\"column\">\n\t\t\t<div class=\"elementor-widget-wrap elementor-element-populated\">\n\t\t\t\t\t\t<div class=\"elementor-element elementor-element-37d6dd2 aleft elementor-widget elementor-widget-wgl-double-headings\" data-id=\"37d6dd2\" data-element_type=\"widget\" data-widget_type=\"wgl-double-headings.default\">\n\t\t\t\t<div class=\"elementor-widget-container\">\n\t\t\t\t\t        <div class=\"wgl-double_heading\"><h2 class=\"dbl__title-wrapper\"><span class=\"dbl__title dbl-title_1\">Informaci\u00f3n de Contacto<\/span><\/h2>        <\/div>\t\t\t\t<\/div>\n\t\t\t\t<\/div>\n\t\t\t\t<div class=\"elementor-element elementor-element-766ebf3 elementor-widget__width-initial elementor-widget elementor-widget-text-editor\" data-id=\"766ebf3\" data-element_type=\"widget\" data-widget_type=\"text-editor.default\">\n\t\t\t\t<div class=\"elementor-widget-container\">\n\t\t\t\t\t\t\t\t\t<p>Con\u00e9ctate con nosotros y s\u00e9 parte del cambio. \u00a1Estamos a tu disposici\u00f3n!<\/p>\t\t\t\t\t\t\t\t<\/div>\n\t\t\t\t<\/div>\n\t\t\t\t<div class=\"elementor-element elementor-element-2dfd7c5 elementor-view-stacked aleft elementor-widget-icon-box wgl-icon-box elementor-shape-circle elementor-widget elementor-widget-wgl-info-box\" data-id=\"2dfd7c5\" data-element_type=\"widget\" data-widget_type=\"wgl-info-box.default\">\n\t\t\t\t<div class=\"elementor-widget-container\">\n\t\t\t\t\t<a class=\"wgl-infobox__link\" href=\"https:\/\/www.google.com.pe\/maps\/place\/Asociaci%C3%B3n+Marqu%C3%A9z+de+Corpac+-+Chorrillos\/@-12.2021832,-77.0328001,16.5z\/data=!4m10!1m2!2m1!1sAsociaci%C3%B3n+Marquez+de+Corpac+Mz+B+Lt4,+Chorrillos!3m6!1s0x9105b700644846cd:0x9ec9d02f129dfde4!8m2!3d-12.2008735!4d-77.0269945!15sCjJBc29jaWFjacOzbiBNYXJxdWV6IGRlIENvcnBhYyBNeiBCIEx0NCwgQ2hvcnJpbGxvc5IBF25vbl9wcm9maXRfb3JnYW5pemF0aW9uqgGGARABKioiJmFzb2NpYWNpw7NuIG1hcnF1ZXogZGUgY29ycGFjIG16IGIgbHQ0KA4yHxABIhu_I3d2ypNQjv2u9-8raKK44HkzRKz5Ccg9nzsyNRACIjFhc29jaWFjacOzbiBtYXJxdWV6IGRlIGNvcnBhYyBteiBiIGx0NCBjaG9ycmlsbG9z4AEA!16s%2Fg%2F11wpmt2ngb?hl=es-419&#038;entry=ttu&#038;g_ep=EgoyMDI1MDYyMy4yIKXMDSoASAFQAw%3D%3D\" target=\"_blank\" rel=\"nofollow\"><\/a><div class=\"wgl-infobox\"><div class=\"wgl-infobox_wrapper wgl-layout-left\"><div class=\"media-wrapper icon-wrapper\"><span class=\"wgl-icon\" ><i class=\"icon elementor-icon flaticon flaticon-call\" aria-hidden=\"true\"><\/i><\/span><\/div><div class=\"content_wrapper\"><div class=\"wgl-infobox-title_wrapper\"><h4 class=\"wgl-infobox_title\"><span class=\"wgl-infobox_title-idle\">Tel\u00e9fono<\/span><\/h4><\/div><div class=\"wgl-infobox_content\"><p>(01) 258 2910<\/p><\/div><\/div><\/div><\/div>\t\t\t\t<\/div>\n\t\t\t\t<\/div>\n\t\t\t\t<div class=\"elementor-element elementor-element-a3e8f03 elementor-widget elementor-widget-spacer\" data-id=\"a3e8f03\" data-element_type=\"widget\" data-widget_type=\"spacer.default\">\n\t\t\t\t<div class=\"elementor-widget-container\">\n\t\t\t\t\t\t\t<div class=\"elementor-spacer\">\n\t\t\t<div class=\"elementor-spacer-inner\"><\/div>\n\t\t<\/div>\n\t\t\t\t\t\t<\/div>\n\t\t\t\t<\/div>\n\t\t\t\t<div class=\"elementor-element elementor-element-3d3362a elementor-view-stacked icon-contact aleft elementor-widget-icon-box wgl-icon-box elementor-shape-circle elementor-widget elementor-widget-wgl-info-box\" data-id=\"3d3362a\" data-element_type=\"widget\" data-widget_type=\"wgl-info-box.default\">\n\t\t\t\t<div class=\"elementor-widget-container\">\n\t\t\t\t\t<a class=\"wgl-infobox__link\" href=\"tel:+012582910\" target=\"_blank\" rel=\"nofollow\"><\/a><div class=\"wgl-infobox\"><div class=\"wgl-infobox_wrapper wgl-layout-left\"><div class=\"media-wrapper icon-wrapper\"><span class=\"wgl-icon\" ><svg class=\"icon elementor-icon e-font-icon-svg e-fas-mobile-alt\" aria-hidden=\"true\" viewbox=\"0 0 320 512\" xmlns=\"http:\/\/www.w3.org\/2000\/svg\"><path d=\"M272 0H48C21.5 0 0 21.5 0 48v416c0 26.5 21.5 48 48 48h224c26.5 0 48-21.5 48-48V48c0-26.5-21.5-48-48-48zM160 480c-17.7 0-32-14.3-32-32s14.3-32 32-32 32 14.3 32 32-14.3 32-32 32zm112-108c0 6.6-5.4 12-12 12H60c-6.6 0-12-5.4-12-12V60c0-6.6 5.4-12 12-12h200c6.6 0 12 5.4 12 12v312z\"><\/path><\/svg><\/span><\/div><div class=\"content_wrapper\"><div class=\"wgl-infobox-title_wrapper\"><h4 class=\"wgl-infobox_title\"><span class=\"wgl-infobox_title-idle\">Celular<\/span><\/h4><\/div><div class=\"wgl-infobox_content\"><p>(+51) 998 178 541<\/p><\/div><\/div><\/div><\/div>\t\t\t\t<\/div>\n\t\t\t\t<\/div>\n\t\t\t\t<div class=\"elementor-element elementor-element-451d362 elementor-view-stacked aleft elementor-widget-icon-box wgl-icon-box elementor-shape-circle elementor-widget elementor-widget-wgl-info-box\" data-id=\"451d362\" data-element_type=\"widget\" data-widget_type=\"wgl-info-box.default\">\n\t\t\t\t<div class=\"elementor-widget-container\">\n\t\t\t\t\t<a class=\"wgl-infobox__link\" href=\"mailto:Hola@acaminar.org\" target=\"_blank\" rel=\"nofollow\"><\/a><div class=\"wgl-infobox\"><div class=\"wgl-infobox_wrapper wgl-layout-left\"><div class=\"media-wrapper icon-wrapper\"><span class=\"wgl-icon\" ><i class=\"icon elementor-icon flaticon flaticon-paper-plane\" aria-hidden=\"true\"><\/i><\/span><\/div><div class=\"content_wrapper\"><div class=\"wgl-infobox-title_wrapper\"><h4 class=\"wgl-infobox_title\"><span class=\"wgl-infobox_title-idle\">Correo<\/span><\/h4><\/div><div class=\"wgl-infobox_content\"><p>Hola@acaminar.org<\/p><\/div><\/div><\/div><\/div>\t\t\t\t<\/div>\n\t\t\t\t<\/div>\n\t\t\t\t<div class=\"elementor-element elementor-element-625287f elementor-widget elementor-widget-spacer\" data-id=\"625287f\" data-element_type=\"widget\" data-widget_type=\"spacer.default\">\n\t\t\t\t<div class=\"elementor-widget-container\">\n\t\t\t\t\t\t\t<div class=\"elementor-spacer\">\n\t\t\t<div class=\"elementor-spacer-inner\"><\/div>\n\t\t<\/div>\n\t\t\t\t\t\t<\/div>\n\t\t\t\t<\/div>\n\t\t\t\t<div class=\"elementor-element elementor-element-cb7ad90 elementor-shape-rounded elementor-widget elementor-widget-wgl-social-icons\" data-id=\"cb7ad90\" data-element_type=\"widget\" data-widget_type=\"wgl-social-icons.default\">\n\t\t\t\t<div class=\"elementor-widget-container\">\n\t\t\t\t\t<div class=\"wgl-social-icons elementor-social-icons-wrapper\"><a class=\"elementor-icon elementor-social-icon elementor-social-icon-instagram elementor-repeater-item-4d3ff97\" href=\"https:\/\/www.instagram.com\/a_caminar\/?hl=es-la\" target=\"_blank\" title=\"Instagram\"><span class=\"elementor-screen-only\">Instagram<\/span><svg class=\"e-font-icon-svg e-fab-instagram\" viewbox=\"0 0 448 512\" xmlns=\"http:\/\/www.w3.org\/2000\/svg\"><path d=\"M224.1 141c-63.6 0-114.9 51.3-114.9 114.9s51.3 114.9 114.9 114.9S339 319.5 339 255.9 287.7 141 224.1 141zm0 189.6c-41.1 0-74.7-33.5-74.7-74.7s33.5-74.7 74.7-74.7 74.7 33.5 74.7 74.7-33.6 74.7-74.7 74.7zm146.4-194.3c0 14.9-12 26.8-26.8 26.8-14.9 0-26.8-12-26.8-26.8s12-26.8 26.8-26.8 26.8 12 26.8 26.8zm76.1 27.2c-1.7-35.9-9.9-67.7-36.2-93.9-26.2-26.2-58-34.4-93.9-36.2-37-2.1-147.9-2.1-184.9 0-35.8 1.7-67.6 9.9-93.9 36.1s-34.4 58-36.2 93.9c-2.1 37-2.1 147.9 0 184.9 1.7 35.9 9.9 67.7 36.2 93.9s58 34.4 93.9 36.2c37 2.1 147.9 2.1 184.9 0 35.9-1.7 67.7-9.9 93.9-36.2 26.2-26.2 34.4-58 36.2-93.9 2.1-37 2.1-147.8 0-184.8zM398.8 388c-7.8 19.6-22.9 34.7-42.6 42.6-29.5 11.7-99.5 9-132.1 9s-102.7 2.6-132.1-9c-19.6-7.8-34.7-22.9-42.6-42.6-11.7-29.5-9-99.5-9-132.1s-2.6-102.7 9-132.1c7.8-19.6 22.9-34.7 42.6-42.6 29.5-11.7 99.5-9 132.1-9s102.7-2.6 132.1 9c19.6 7.8 34.7 22.9 42.6 42.6 11.7 29.5 9 99.5 9 132.1s2.7 102.7-9 132.1z\"><\/path><\/svg><\/a><a class=\"elementor-icon elementor-social-icon elementor-social-icon-facebook-f elementor-repeater-item-4036e28\" href=\"https:\/\/www.facebook.com\/acaminarperu\/?locale=es_LA\" target=\"_blank\" title=\"Facebook\"><span class=\"elementor-screen-only\">Facebook-f<\/span><svg class=\"e-font-icon-svg e-fab-facebook-f\" viewbox=\"0 0 320 512\" xmlns=\"http:\/\/www.w3.org\/2000\/svg\"><path d=\"M279.14 288l14.22-92.66h-88.91v-60.13c0-25.35 12.42-50.06 52.24-50.06h40.42V6.26S260.43 0 225.36 0c-73.22 0-121.08 44.38-121.08 124.72v70.62H22.89V288h81.39v224h100.17V288z\"><\/path><\/svg><\/a><a class=\"elementor-icon elementor-social-icon elementor-social-icon-tiktok elementor-repeater-item-3f4edb6\" href=\"https:\/\/www.tiktok.com\/@acaminar?_t=ZM-8x4wD1ix3bk&#038;_r=1\" target=\"_blank\" title=\"TikTok\"><span class=\"elementor-screen-only\">Tiktok<\/span><svg class=\"e-font-icon-svg e-fab-tiktok\" viewbox=\"0 0 448 512\" xmlns=\"http:\/\/www.w3.org\/2000\/svg\"><path d=\"M448,209.91a210.06,210.06,0,0,1-122.77-39.25V349.38A162.55,162.55,0,1,1,185,188.31V278.2a74.62,74.62,0,1,0,52.23,71.18V0l88,0a121.18,121.18,0,0,0,1.86,22.17h0A122.18,122.18,0,0,0,381,102.39a121.43,121.43,0,0,0,67,20.14Z\"><\/path><\/svg><\/a><a class=\"elementor-icon elementor-social-icon elementor-social-icon-youtube elementor-repeater-item-cff3876\" href=\"https:\/\/www.youtube.com\/@acaminar\" target=\"_blank\" title=\"Youtube\"><span class=\"elementor-screen-only\">Youtube<\/span><svg class=\"e-font-icon-svg e-fab-youtube\" viewbox=\"0 0 576 512\" xmlns=\"http:\/\/www.w3.org\/2000\/svg\"><path d=\"M549.655 124.083c-6.281-23.65-24.787-42.276-48.284-48.597C458.781 64 288 64 288 64S117.22 64 74.629 75.486c-23.497 6.322-42.003 24.947-48.284 48.597-11.412 42.867-11.412 132.305-11.412 132.305s0 89.438 11.412 132.305c6.281 23.65 24.787 41.5 48.284 47.821C117.22 448 288 448 288 448s170.78 0 213.371-11.486c23.497-6.321 42.003-24.171 48.284-47.821 11.412-42.867 11.412-132.305 11.412-132.305s0-89.438-11.412-132.305zm-317.51 213.508V175.185l142.739 81.205-142.739 81.201z\"><\/path><\/svg><\/a><\/div>\t\t\t\t<\/div>\n\t\t\t\t<\/div>\n\t\t\t\t<div class=\"elementor-element elementor-element-2a08d62 elementor-widget elementor-widget-spacer\" data-id=\"2a08d62\" data-element_type=\"widget\" data-widget_type=\"spacer.default\">\n\t\t\t\t<div class=\"elementor-widget-container\">\n\t\t\t\t\t\t\t<div class=\"elementor-spacer\">\n\t\t\t<div class=\"elementor-spacer-inner\"><\/div>\n\t\t<\/div>\n\t\t\t\t\t\t<\/div>\n\t\t\t\t<\/div>\n\t\t\t\t\t<\/div>\n\t\t<\/div>\n\t\t\t\t\t<\/div>\n\t\t<\/section>\n\t\t\t\t<section class=\"elementor-section elementor-top-section elementor-element elementor-element-c4bd3ac elementor-section-boxed elementor-section-height-default elementor-section-height-default\" data-id=\"c4bd3ac\" data-element_type=\"section\">\n\t\t\t\t\t\t<div class=\"elementor-container elementor-column-gap-default\">\n\t\t\t\t\t<div class=\"elementor-column elementor-col-100 elementor-top-column elementor-element elementor-element-5cb68cb\" data-id=\"5cb68cb\" data-element_type=\"column\" data-settings=\"{&quot;background_background&quot;:&quot;classic&quot;}\">\n\t\t\t<div class=\"elementor-widget-wrap elementor-element-populated\">\n\t\t\t\t\t\t<div class=\"elementor-element elementor-element-bb64f64 elementor-widget elementor-widget-heading\" data-id=\"bb64f64\" data-element_type=\"widget\" data-widget_type=\"heading.default\">\n\t\t\t\t<div class=\"elementor-widget-container\">\n\t\t\t\t\t<h2 class=\"elementor-heading-title elementor-size-default\">Escribenos y resolvemos tus dudas<\/h2>\t\t\t\t<\/div>\n\t\t\t\t<\/div>\n\t\t\t\t<div class=\"elementor-element elementor-element-c679504 elementor-widget elementor-widget-text-editor\" data-id=\"c679504\" data-element_type=\"widget\" data-widget_type=\"text-editor.default\">\n\t\t\t\t<div class=\"elementor-widget-container\">\n\t\t\t\t\t\t\t\t\t<p style=\"margin-bottom: 6px;\">D\u00e9janos tus datos y te contactaremos para resolver dudas, explorar c\u00f3mo colaborar o contarte m\u00e1s sobre c\u00f3mo puedes poner tus objetos a caminar y generar impacto.<\/p>\t\t\t\t\t\t\t\t<\/div>\n\t\t\t\t<\/div>\n\t\t\t\t<div class=\"elementor-element elementor-element-d36b095 elementor-widget elementor-widget-shortcode\" data-id=\"d36b095\" data-element_type=\"widget\" data-widget_type=\"shortcode.default\">\n\t\t\t\t<div class=\"elementor-widget-container\">\n\t\t\t\t\t\t\t<div class=\"elementor-shortcode\">\n<div class=\"wpcf7 no-js\" id=\"wpcf7-f796-o1\" lang=\"en-US\" dir=\"ltr\" data-wpcf7-id=\"796\">\n<div class=\"screen-reader-response\"><p role=\"status\" aria-live=\"polite\" aria-atomic=\"true\"><\/p> <ul><\/ul><\/div>\n<form action=\"\/en\/wp-json\/wp\/v2\/pages\/767#wpcf7-f796-o1\" method=\"post\" class=\"wpcf7-form init\" aria-label=\"Contact form\" novalidate=\"novalidate\" data-status=\"init\" data-trp-original-action=\"\/en\/wp-json\/wp\/v2\/pages\/767#wpcf7-f796-o1\">\n<fieldset class=\"hidden-fields-container\"><input type=\"hidden\" name=\"_wpcf7\" value=\"796\" \/><input type=\"hidden\" name=\"_wpcf7_version\" value=\"6.1.4\" \/><input type=\"hidden\" name=\"_wpcf7_locale\" value=\"en_US\" \/><input type=\"hidden\" name=\"_wpcf7_unit_tag\" value=\"wpcf7-f796-o1\" \/><input type=\"hidden\" name=\"_wpcf7_container_post\" value=\"0\" \/><input type=\"hidden\" name=\"_wpcf7_posted_data_hash\" value=\"\" \/>\n<\/fieldset>\n<div class='row'>\n<div class='wgl_col-6'>\n<span class=\"wpcf7-form-control-wrap\" data-name=\"Nombre\"><input size=\"40\" maxlength=\"400\" class=\"wpcf7-form-control wpcf7-text\" aria-invalid=\"false\" placeholder=\"Tu Nombre *\" value=\"\" type=\"text\" name=\"Nombre\" \/><\/span>\n<\/div>\n<div class='wgl_col-6'>\n<span class=\"wpcf7-form-control-wrap\" data-name=\"Telefono\"><input size=\"40\" maxlength=\"400\" class=\"wpcf7-form-control wpcf7-tel wpcf7-validates-as-required wpcf7-text wpcf7-validates-as-tel\" aria-required=\"true\" aria-invalid=\"false\" placeholder=\"Tu Telefono *\" value=\"\" type=\"tel\" name=\"Telefono\" \/><\/span>\n<\/div>\n<div class='wgl_col-12'>\n<span class=\"wpcf7-form-control-wrap\" data-name=\"Correo\"><input size=\"40\" maxlength=\"400\" class=\"wpcf7-form-control wpcf7-email wpcf7-validates-as-required wpcf7-text wpcf7-validates-as-email\" aria-required=\"true\" aria-invalid=\"false\" placeholder=\"Tu Correo *\" value=\"\" type=\"email\" name=\"Correo\" \/><\/span>\n<\/div>\n<div class='wgl_col-12'>\n<span class=\"wpcf7-form-control-wrap\" data-name=\"Mensaje\"><textarea cols=\"40\" rows=\"10\" maxlength=\"2000\" class=\"wpcf7-form-control wpcf7-textarea\" aria-invalid=\"false\" placeholder=\"Mensaje...\" name=\"Mensaje\"><\/textarea><\/span>\n<\/div>\n<\/div>\n<input class=\"wpcf7-form-control wpcf7-submit has-spinner\" type=\"submit\" value=\"\u00a1CONT\u00c1CTANOS!\" \/><div class=\"wpcf7-response-output\" aria-hidden=\"true\"><\/div>\n<input type=\"hidden\" name=\"trp-form-language\" value=\"en\"\/><\/form>\n<\/div>\n<\/div>\n\t\t\t\t\t\t<\/div>\n\t\t\t\t<\/div>\n\t\t\t\t\t<\/div>\n\t\t<\/div>\n\t\t\t\t\t<\/div>\n\t\t<\/section>\n\t\t\t\t<section class=\"elementor-section elementor-top-section elementor-element elementor-element-3819862 elementor-section-full_width elementor-section-height-default elementor-section-height-default\" data-id=\"3819862\" data-element_type=\"section\">\n\t\t\t\t\t\t<div class=\"elementor-container elementor-column-gap-no\">\n\t\t\t\t\t<div class=\"elementor-column elementor-col-100 elementor-top-column elementor-element elementor-element-7aa6212\" data-id=\"7aa6212\" data-element_type=\"column\">\n\t\t\t<div class=\"elementor-widget-wrap elementor-element-populated\">\n\t\t\t\t\t\t<div class=\"elementor-element elementor-element-30d91ce elementor-widget elementor-widget-google_maps\" data-id=\"30d91ce\" data-element_type=\"widget\" data-widget_type=\"google_maps.default\">\n\t\t\t\t<div class=\"elementor-widget-container\">\n\t\t\t\t\t\t\t<div class=\"elementor-custom-embed\">\n\t\t\t<iframe loading=\"lazy\"\n\t\t\t\t\tsrc=\"https:\/\/maps.google.com\/maps?q=Marquez%20de%20Corpac%2C%20Chorrillos%2015067&#038;t=m&#038;z=17&#038;output=embed&#038;iwloc=near\"\n\t\t\t\t\ttitle=\"Marquez de Corpac, Chorrillos 15067\"\n\t\t\t\t\taria-label=\"Marquez de Corpac, Chorrillos 15067\"\n\t\t\t><\/iframe>\n\t\t<\/div>\n\t\t\t\t\t\t<\/div>\n\t\t\t\t<\/div>\n\t\t\t\t\t<\/div>\n\t\t<\/div>\n\t\t\t\t\t<\/div>\n\t\t<\/section>\n\t\t\t\t<\/div>","protected":false},"excerpt":{"rendered":"<p>Informaci\u00f3n de Contacto Con\u00e9ctate con nosotros y s\u00e9 parte del cambio. \u00a1Estamos a tu disposici\u00f3n! &nbsp; Tel\u00e9fono (01) 258 2910 &nbsp; Celular (+51) 998 178 541 &nbsp; Correo Hola@acaminar.org InstagramFacebook-fTiktokYoutube Escribenos y resolvemos tus dudas D\u00e9janos tus datos y te contactaremos para resolver dudas, explorar c\u00f3mo colaborar o contarte m\u00e1s sobre c\u00f3mo puedes poner tus [&hellip;]<\/p>","protected":false},"author":1,"featured_media":0,"parent":0,"menu_order":0,"comment_status":"closed","ping_status":"closed","template":"","meta":{"_acf_changed":false,"give_campaign_id":0,"footnotes":""},"class_list":["post-767","page","type-page","status-publish","hentry"],"acf":[],"yoast_head":"<!-- This site is optimized with the Yoast SEO plugin v26.6 - https:\/\/yoast.com\/wordpress\/plugins\/seo\/ -->\n<title>Cont\u00e1ctanos y s\u00e9 parte de un movimiento solidario | A Caminar<\/title>\n<meta name=\"description\" content=\"\u00bfTienes consultas o deseas donar? Contactanos y colabora con A Caminar, s\u00e9 parte del movimiento solidario que transforma vidas.\" \/>\n<meta name=\"robots\" content=\"index, follow, max-snippet:-1, max-image-preview:large, max-video-preview:-1\" \/>\n<link rel=\"canonical\" href=\"https:\/\/acaminar.org\/en\/contactanos\/\" \/>\n<meta property=\"og:locale\" content=\"en_US\" \/>\n<meta property=\"og:type\" content=\"article\" \/>\n<meta property=\"og:title\" content=\"Cont\u00e1ctanos y s\u00e9 parte de un movimiento solidario | A Caminar\" \/>\n<meta property=\"og:description\" content=\"\u00bfTienes consultas o deseas donar? Contactanos y colabora con A Caminar, s\u00e9 parte del movimiento solidario que transforma vidas.\" \/>\n<meta property=\"og:url\" content=\"https:\/\/acaminar.org\/en\/contactanos\/\" \/>\n<meta property=\"og:site_name\" content=\"A caminar\" \/>\n<meta property=\"article:modified_time\" content=\"2025-11-16T02:18:48+00:00\" \/>\n<meta property=\"og:image\" content=\"https:\/\/acaminar.org\/test\/wp-content\/uploads\/2025\/11\/foto_contactanos-1.png\" \/>\n<meta name=\"twitter:card\" content=\"summary_large_image\" \/>\n<meta name=\"twitter:label1\" content=\"Est. reading time\" \/>\n\t<meta name=\"twitter:data1\" content=\"1 minute\" \/>\n<script type=\"application\/ld+json\" class=\"yoast-schema-graph\">{\"@context\":\"https:\/\/schema.org\",\"@graph\":[{\"@type\":\"WebPage\",\"@id\":\"https:\/\/acaminar.org\/contactanos\/\",\"url\":\"https:\/\/acaminar.org\/contactanos\/\",\"name\":\"Cont\u00e1ctanos y s\u00e9 parte de un movimiento solidario | A Caminar\",\"isPartOf\":{\"@id\":\"https:\/\/acaminar.org\/test\/#website\"},\"primaryImageOfPage\":{\"@id\":\"https:\/\/acaminar.org\/contactanos\/#primaryimage\"},\"image\":{\"@id\":\"https:\/\/acaminar.org\/contactanos\/#primaryimage\"},\"thumbnailUrl\":\"https:\/\/acaminar.org\/test\/wp-content\/uploads\/2025\/11\/foto_contactanos-1.png\",\"datePublished\":\"2020-08-27T22:43:27+00:00\",\"dateModified\":\"2025-11-16T02:18:48+00:00\",\"description\":\"\u00bfTienes consultas o deseas donar? Contactanos y colabora con A Caminar, s\u00e9 parte del movimiento solidario que transforma vidas.\",\"breadcrumb\":{\"@id\":\"https:\/\/acaminar.org\/contactanos\/#breadcrumb\"},\"inLanguage\":\"en-US\",\"potentialAction\":[{\"@type\":\"ReadAction\",\"target\":[\"https:\/\/acaminar.org\/contactanos\/\"]}]},{\"@type\":\"ImageObject\",\"inLanguage\":\"en-US\",\"@id\":\"https:\/\/acaminar.org\/contactanos\/#primaryimage\",\"url\":\"https:\/\/acaminar.org\/test\/wp-content\/uploads\/2025\/11\/foto_contactanos-1.png\",\"contentUrl\":\"https:\/\/acaminar.org\/test\/wp-content\/uploads\/2025\/11\/foto_contactanos-1.png\"},{\"@type\":\"BreadcrumbList\",\"@id\":\"https:\/\/acaminar.org\/contactanos\/#breadcrumb\",\"itemListElement\":[{\"@type\":\"ListItem\",\"position\":1,\"name\":\"Portada\",\"item\":\"https:\/\/acaminar.org\/\"},{\"@type\":\"ListItem\",\"position\":2,\"name\":\"Cont\u00e1ctanos\"}]},{\"@type\":\"WebSite\",\"@id\":\"https:\/\/acaminar.org\/test\/#website\",\"url\":\"https:\/\/acaminar.org\/test\/\",\"name\":\"A caminar\",\"description\":\"\",\"potentialAction\":[{\"@type\":\"SearchAction\",\"target\":{\"@type\":\"EntryPoint\",\"urlTemplate\":\"https:\/\/acaminar.org\/test\/?s={search_term_string}\"},\"query-input\":{\"@type\":\"PropertyValueSpecification\",\"valueRequired\":true,\"valueName\":\"search_term_string\"}}],\"inLanguage\":\"en-US\"}]}<\/script>\n<!-- \/ Yoast SEO plugin. -->","yoast_head_json":{"title":"Cont\u00e1ctanos y s\u00e9 parte de un movimiento solidario | A Caminar","description":"\u00bfTienes consultas o deseas donar? Contactanos y colabora con A Caminar, s\u00e9 parte del movimiento solidario que transforma vidas.","robots":{"index":"index","follow":"follow","max-snippet":"max-snippet:-1","max-image-preview":"max-image-preview:large","max-video-preview":"max-video-preview:-1"},"canonical":"https:\/\/acaminar.org\/en\/contactanos\/","og_locale":"en_US","og_type":"article","og_title":"Cont\u00e1ctanos y s\u00e9 parte de un movimiento solidario | A Caminar","og_description":"\u00bfTienes consultas o deseas donar? Contactanos y colabora con A Caminar, s\u00e9 parte del movimiento solidario que transforma vidas.","og_url":"https:\/\/acaminar.org\/en\/contactanos\/","og_site_name":"A caminar","article_modified_time":"2025-11-16T02:18:48+00:00","og_image":[{"url":"https:\/\/acaminar.org\/test\/wp-content\/uploads\/2025\/11\/foto_contactanos-1.png","type":"","width":"","height":""}],"twitter_card":"summary_large_image","twitter_misc":{"Est. reading time":"1 minute"},"schema":{"@context":"https:\/\/schema.org","@graph":[{"@type":"WebPage","@id":"https:\/\/acaminar.org\/contactanos\/","url":"https:\/\/acaminar.org\/contactanos\/","name":"Cont\u00e1ctanos y s\u00e9 parte de un movimiento solidario | A Caminar","isPartOf":{"@id":"https:\/\/acaminar.org\/test\/#website"},"primaryImageOfPage":{"@id":"https:\/\/acaminar.org\/contactanos\/#primaryimage"},"image":{"@id":"https:\/\/acaminar.org\/contactanos\/#primaryimage"},"thumbnailUrl":"https:\/\/acaminar.org\/test\/wp-content\/uploads\/2025\/11\/foto_contactanos-1.png","datePublished":"2020-08-27T22:43:27+00:00","dateModified":"2025-11-16T02:18:48+00:00","description":"\u00bfTienes consultas o deseas donar? Contactanos y colabora con A Caminar, s\u00e9 parte del movimiento solidario que transforma vidas.","breadcrumb":{"@id":"https:\/\/acaminar.org\/contactanos\/#breadcrumb"},"inLanguage":"en-US","potentialAction":[{"@type":"ReadAction","target":["https:\/\/acaminar.org\/contactanos\/"]}]},{"@type":"ImageObject","inLanguage":"en-US","@id":"https:\/\/acaminar.org\/contactanos\/#primaryimage","url":"https:\/\/acaminar.org\/test\/wp-content\/uploads\/2025\/11\/foto_contactanos-1.png","contentUrl":"https:\/\/acaminar.org\/test\/wp-content\/uploads\/2025\/11\/foto_contactanos-1.png"},{"@type":"BreadcrumbList","@id":"https:\/\/acaminar.org\/contactanos\/#breadcrumb","itemListElement":[{"@type":"ListItem","position":1,"name":"Portada","item":"https:\/\/acaminar.org\/"},{"@type":"ListItem","position":2,"name":"Cont\u00e1ctanos"}]},{"@type":"WebSite","@id":"https:\/\/acaminar.org\/test\/#website","url":"https:\/\/acaminar.org\/test\/","name":"A caminar","description":"","potentialAction":[{"@type":"SearchAction","target":{"@type":"EntryPoint","urlTemplate":"https:\/\/acaminar.org\/test\/?s={search_term_string}"},"query-input":{"@type":"PropertyValueSpecification","valueRequired":true,"valueName":"search_term_string"}}],"inLanguage":"en-US"}]}},"campaignId":"","_links":{"self":[{"href":"https:\/\/acaminar.org\/en\/wp-json\/wp\/v2\/pages\/767","targetHints":{"allow":["GET"]}}],"collection":[{"href":"https:\/\/acaminar.org\/en\/wp-json\/wp\/v2\/pages"}],"about":[{"href":"https:\/\/acaminar.org\/en\/wp-json\/wp\/v2\/types\/page"}],"author":[{"embeddable":true,"href":"https:\/\/acaminar.org\/en\/wp-json\/wp\/v2\/users\/1"}],"replies":[{"embeddable":true,"href":"https:\/\/acaminar.org\/en\/wp-json\/wp\/v2\/comments?post=767"}],"version-history":[{"count":98,"href":"https:\/\/acaminar.org\/en\/wp-json\/wp\/v2\/pages\/767\/revisions"}],"predecessor-version":[{"id":23719,"href":"https:\/\/acaminar.org\/en\/wp-json\/wp\/v2\/pages\/767\/revisions\/23719"}],"wp:attachment":[{"href":"https:\/\/acaminar.org\/en\/wp-json\/wp\/v2\/media?parent=767"}],"curies":[{"name":"wp","href":"https:\/\/api.w.org\/{rel}","templated":true}]}}