{"id":650,"date":"2020-08-27T06:50:03","date_gmt":"2020-08-27T06:50:03","guid":{"rendered":"https:\/\/bighearts.wgl-demo.net\/?page_id=650"},"modified":"2025-11-15T21:17:24","modified_gmt":"2025-11-16T02:17:24","slug":"acciones-sociales","status":"publish","type":"page","link":"https:\/\/acaminar.org\/en\/acciones-sociales\/","title":{"rendered":"Acciones Sociales"},"content":{"rendered":"<div data-elementor-type=\"wp-page\" data-elementor-id=\"650\" class=\"elementor elementor-650\">\n\t\t\t\t\t\t<section class=\"elementor-section elementor-top-section elementor-element elementor-element-5b5486f elementor-section-boxed elementor-section-height-default elementor-section-height-default\" data-id=\"5b5486f\" data-element_type=\"section\">\n\t\t\t\t\t\t<div class=\"elementor-container elementor-column-gap-default\">\n\t\t\t\t\t<div class=\"elementor-column elementor-col-100 elementor-top-column elementor-element elementor-element-1f383b3\" data-id=\"1f383b3\" data-element_type=\"column\">\n\t\t\t<div class=\"elementor-widget-wrap elementor-element-populated\">\n\t\t\t\t\t\t<div class=\"elementor-element elementor-element-20a066c elementor-widget elementor-widget-spacer\" data-id=\"20a066c\" data-element_type=\"widget\" data-widget_type=\"spacer.default\">\n\t\t\t\t<div class=\"elementor-widget-container\">\n\t\t\t\t\t\t\t<div class=\"elementor-spacer\">\n\t\t\t<div class=\"elementor-spacer-inner\"><\/div>\n\t\t<\/div>\n\t\t\t\t\t\t<\/div>\n\t\t\t\t<\/div>\n\t\t\t\t\t<\/div>\n\t\t<\/div>\n\t\t\t\t\t<\/div>\n\t\t<\/section>\n\t\t\t\t<section class=\"elementor-section elementor-top-section elementor-element elementor-element-7fd52e8 elementor-section-boxed elementor-section-height-default elementor-section-height-default\" data-id=\"7fd52e8\" data-element_type=\"section\">\n\t\t\t\t\t\t<div class=\"elementor-container elementor-column-gap-default\">\n\t\t\t\t\t<div class=\"elementor-column elementor-col-100 elementor-top-column elementor-element elementor-element-c84c80c\" data-id=\"c84c80c\" data-element_type=\"column\">\n\t\t\t<div class=\"elementor-widget-wrap elementor-element-populated\">\n\t\t\t\t\t\t<div class=\"elementor-element elementor-element-8b883be acenter elementor-widget elementor-widget-wgl-double-headings\" data-id=\"8b883be\" data-element_type=\"widget\" data-widget_type=\"wgl-double-headings.default\">\n\t\t\t\t<div class=\"elementor-widget-container\">\n\t\t\t\t\t        <div class=\"wgl-double_heading\">                <div class=\"dbl__subtitle\"><span>Transformamos objetos en apoyo, esperanza y nuevas oportunidades<\/span>                <\/div><h2 class=\"dbl__title-wrapper\"><span class=\"dbl__title dbl-title_1\">Caminar tambi\u00e9n es transformar<\/span><\/h2>        <\/div>\t\t\t\t<\/div>\n\t\t\t\t<\/div>\n\t\t\t\t\t<\/div>\n\t\t<\/div>\n\t\t\t\t\t<\/div>\n\t\t<\/section>\n\t\t\t\t<section class=\"elementor-section elementor-top-section elementor-element elementor-element-e55d61b elementor-section-boxed elementor-section-height-default elementor-section-height-default\" data-id=\"e55d61b\" data-element_type=\"section\">\n\t\t\t\t\t\t<div class=\"elementor-container elementor-column-gap-default\">\n\t\t\t\t\t<div class=\"elementor-column elementor-col-100 elementor-top-column elementor-element elementor-element-838a03d\" data-id=\"838a03d\" data-element_type=\"column\">\n\t\t\t<div class=\"elementor-widget-wrap elementor-element-populated\">\n\t\t\t\t\t\t<div class=\"elementor-element elementor-element-f6d5672 elementor-widget elementor-widget-spacer\" data-id=\"f6d5672\" data-element_type=\"widget\" data-widget_type=\"spacer.default\">\n\t\t\t\t<div class=\"elementor-widget-container\">\n\t\t\t\t\t\t\t<div class=\"elementor-spacer\">\n\t\t\t<div class=\"elementor-spacer-inner\"><\/div>\n\t\t<\/div>\n\t\t\t\t\t\t<\/div>\n\t\t\t\t<\/div>\n\t\t\t\t\t<\/div>\n\t\t<\/div>\n\t\t\t\t\t<\/div>\n\t\t<\/section>\n\t\t\t\t<section class=\"elementor-section elementor-top-section elementor-element elementor-element-4da9b07 elementor-section-boxed elementor-section-height-default elementor-section-height-default\" data-id=\"4da9b07\" data-element_type=\"section\">\n\t\t\t\t\t\t<div class=\"elementor-container elementor-column-gap-default\">\n\t\t\t\t\t<div class=\"elementor-column elementor-col-100 elementor-top-column elementor-element elementor-element-5570dbd\" data-id=\"5570dbd\" data-element_type=\"column\">\n\t\t\t<div class=\"elementor-widget-wrap elementor-element-populated\">\n\t\t\t\t\t\t<div class=\"elementor-element elementor-element-5088769 elementor-widget__width-initial elementor-widget-mobile__width-inherit elementor-widget elementor-widget-text-editor\" data-id=\"5088769\" data-element_type=\"widget\" data-widget_type=\"text-editor.default\">\n\t\t\t\t<div class=\"elementor-widget-container\">\n\t\t\t\t\t\t\t\t\t<p>Cada art\u00edculo que llega a nuestras manos es mucho m\u00e1s que un objeto: es una posibilidad. En A Caminar, creemos que el verdadero cambio se construye paso a paso, con cada entrega que toca una vida y con cada gesto que nos recuerda por qu\u00e9 hacemos lo que hacemos.<\/p>\t\t\t\t\t\t\t\t<\/div>\n\t\t\t\t<\/div>\n\t\t\t\t\t<\/div>\n\t\t<\/div>\n\t\t\t\t\t<\/div>\n\t\t<\/section>\n\t\t<div class=\"elementor-element elementor-element-ed3fb09 e-flex e-con-boxed e-con e-parent\" data-id=\"ed3fb09\" data-element_type=\"container\">\n\t\t\t\t\t<div class=\"e-con-inner\">\n\t\t\t\t<div class=\"elementor-element elementor-element-1427969 elementor-widget elementor-widget-actt_taxonomy_tabs\" data-id=\"1427969\" data-element_type=\"widget\" data-widget_type=\"actt_taxonomy_tabs.default\">\n\t\t\t\t<div class=\"elementor-widget-container\">\n\t\t\t\t\t<div id=\"actt-1427969\" class=\"actt\" data-settings='{\"ajaxUrl\":\"https:\\\/\\\/acaminar.org\\\/wp-admin\\\/admin-ajax.php\",\"nonce\":\"11388f2690\",\"postType\":\"portfolio\",\"taxonomy\":\"portfolio-category\",\"perPage\":12,\"orderby\":\"date\",\"order\":\"DESC\",\"cols\":{\"d\":3,\"t\":2,\"m\":1},\"gap\":16,\"showTitle\":false,\"loadMode\":\"infinite\",\"labels\":{\"more\":\"Mostrar m\\u00e1s\"}}'><div class=\"actt__tabs\"><button class=\"actt__tab is-active\" data-term=\"all\">Todos<\/button><button class=\"actt__tab\" data-term=\"32\">ALBERGUES<\/button><button class=\"actt__tab\" data-term=\"42\">CASA HOGAR<\/button><button class=\"actt__tab\" data-term=\"43\">COMUNIDADES<\/button><button class=\"actt__tab\" data-term=\"37\">OLLAS COMUNES<\/button><\/div><div class=\"actt__grid\" aria-live=\"polite\"><\/div><div class=\"actt__actions\"><button class=\"actt__more\" hidden>Mostrar m\u00e1s<\/button><\/div><div class=\"actt__loader\" aria-hidden=\"true\"><span class=\"actt__spinner\"><\/span><\/div><\/div>\t\t\t\t<\/div>\n\t\t\t\t<\/div>\n\t\t\t\t\t<\/div>\n\t\t\t\t<\/div>\n\t\t\t\t<\/div>","protected":false},"excerpt":{"rendered":"<p>Transformamos objetos en apoyo, esperanza y nuevas oportunidades Caminar tambi\u00e9n es transformar Cada art\u00edculo que llega a nuestras manos es mucho m\u00e1s que un objeto: es una posibilidad. En A Caminar, creemos que el verdadero cambio se construye paso a paso, con cada entrega que toca una vida y con cada gesto que nos recuerda [&hellip;]<\/p>","protected":false},"author":1,"featured_media":0,"parent":0,"menu_order":0,"comment_status":"closed","ping_status":"closed","template":"","meta":{"_acf_changed":false,"give_campaign_id":0,"footnotes":""},"class_list":["post-650","page","type-page","status-publish","hentry"],"acf":[],"yoast_head":"<!-- This site is optimized with the Yoast SEO plugin v26.6 - https:\/\/yoast.com\/wordpress\/plugins\/seo\/ -->\n<title>S\u00famate a nuestras acciones sociales | A Caminar<\/title>\n<meta name=\"description\" content=\"Conoce nuestras acciones sociales y c\u00f3mo trabajamos junto a aliados para llevar ayuda a comunidades que m\u00e1s lo necesitan.\" \/>\n<meta name=\"robots\" content=\"index, follow, max-snippet:-1, max-image-preview:large, max-video-preview:-1\" \/>\n<link rel=\"canonical\" href=\"https:\/\/acaminar.org\/en\/acciones-sociales\/\" \/>\n<meta property=\"og:locale\" content=\"en_US\" \/>\n<meta property=\"og:type\" content=\"article\" \/>\n<meta property=\"og:title\" content=\"S\u00famate a nuestras acciones sociales | A Caminar\" \/>\n<meta property=\"og:description\" content=\"Conoce nuestras acciones sociales y c\u00f3mo trabajamos junto a aliados para llevar ayuda a comunidades que m\u00e1s lo necesitan.\" \/>\n<meta property=\"og:url\" content=\"https:\/\/acaminar.org\/en\/acciones-sociales\/\" \/>\n<meta property=\"og:site_name\" content=\"A caminar\" \/>\n<meta property=\"article:modified_time\" content=\"2025-11-16T02:17:24+00:00\" \/>\n<meta name=\"twitter:card\" content=\"summary_large_image\" \/>\n<meta name=\"twitter:label1\" content=\"Est. reading time\" \/>\n\t<meta name=\"twitter:data1\" content=\"1 minute\" \/>\n<script type=\"application\/ld+json\" class=\"yoast-schema-graph\">{\"@context\":\"https:\/\/schema.org\",\"@graph\":[{\"@type\":\"WebPage\",\"@id\":\"https:\/\/acaminar.org\/acciones-sociales\/\",\"url\":\"https:\/\/acaminar.org\/acciones-sociales\/\",\"name\":\"S\u00famate a nuestras acciones sociales | A Caminar\",\"isPartOf\":{\"@id\":\"https:\/\/acaminar.org\/test\/#website\"},\"datePublished\":\"2020-08-27T06:50:03+00:00\",\"dateModified\":\"2025-11-16T02:17:24+00:00\",\"description\":\"Conoce nuestras acciones sociales y c\u00f3mo trabajamos junto a aliados para llevar ayuda a comunidades que m\u00e1s lo necesitan.\",\"breadcrumb\":{\"@id\":\"https:\/\/acaminar.org\/acciones-sociales\/#breadcrumb\"},\"inLanguage\":\"en-US\",\"potentialAction\":[{\"@type\":\"ReadAction\",\"target\":[\"https:\/\/acaminar.org\/acciones-sociales\/\"]}]},{\"@type\":\"BreadcrumbList\",\"@id\":\"https:\/\/acaminar.org\/acciones-sociales\/#breadcrumb\",\"itemListElement\":[{\"@type\":\"ListItem\",\"position\":1,\"name\":\"Portada\",\"item\":\"https:\/\/acaminar.org\/\"},{\"@type\":\"ListItem\",\"position\":2,\"name\":\"Acciones Sociales\"}]},{\"@type\":\"WebSite\",\"@id\":\"https:\/\/acaminar.org\/test\/#website\",\"url\":\"https:\/\/acaminar.org\/test\/\",\"name\":\"A caminar\",\"description\":\"\",\"potentialAction\":[{\"@type\":\"SearchAction\",\"target\":{\"@type\":\"EntryPoint\",\"urlTemplate\":\"https:\/\/acaminar.org\/test\/?s={search_term_string}\"},\"query-input\":{\"@type\":\"PropertyValueSpecification\",\"valueRequired\":true,\"valueName\":\"search_term_string\"}}],\"inLanguage\":\"en-US\"}]}<\/script>\n<!-- \/ Yoast SEO plugin. -->","yoast_head_json":{"title":"S\u00famate a nuestras acciones sociales | A Caminar","description":"Conoce nuestras acciones sociales y c\u00f3mo trabajamos junto a aliados para llevar ayuda a comunidades que m\u00e1s lo necesitan.","robots":{"index":"index","follow":"follow","max-snippet":"max-snippet:-1","max-image-preview":"max-image-preview:large","max-video-preview":"max-video-preview:-1"},"canonical":"https:\/\/acaminar.org\/en\/acciones-sociales\/","og_locale":"en_US","og_type":"article","og_title":"S\u00famate a nuestras acciones sociales | A Caminar","og_description":"Conoce nuestras acciones sociales y c\u00f3mo trabajamos junto a aliados para llevar ayuda a comunidades que m\u00e1s lo necesitan.","og_url":"https:\/\/acaminar.org\/en\/acciones-sociales\/","og_site_name":"A caminar","article_modified_time":"2025-11-16T02:17:24+00:00","twitter_card":"summary_large_image","twitter_misc":{"Est. reading time":"1 minute"},"schema":{"@context":"https:\/\/schema.org","@graph":[{"@type":"WebPage","@id":"https:\/\/acaminar.org\/acciones-sociales\/","url":"https:\/\/acaminar.org\/acciones-sociales\/","name":"S\u00famate a nuestras acciones sociales | A Caminar","isPartOf":{"@id":"https:\/\/acaminar.org\/test\/#website"},"datePublished":"2020-08-27T06:50:03+00:00","dateModified":"2025-11-16T02:17:24+00:00","description":"Conoce nuestras acciones sociales y c\u00f3mo trabajamos junto a aliados para llevar ayuda a comunidades que m\u00e1s lo necesitan.","breadcrumb":{"@id":"https:\/\/acaminar.org\/acciones-sociales\/#breadcrumb"},"inLanguage":"en-US","potentialAction":[{"@type":"ReadAction","target":["https:\/\/acaminar.org\/acciones-sociales\/"]}]},{"@type":"BreadcrumbList","@id":"https:\/\/acaminar.org\/acciones-sociales\/#breadcrumb","itemListElement":[{"@type":"ListItem","position":1,"name":"Portada","item":"https:\/\/acaminar.org\/"},{"@type":"ListItem","position":2,"name":"Acciones Sociales"}]},{"@type":"WebSite","@id":"https:\/\/acaminar.org\/test\/#website","url":"https:\/\/acaminar.org\/test\/","name":"A caminar","description":"","potentialAction":[{"@type":"SearchAction","target":{"@type":"EntryPoint","urlTemplate":"https:\/\/acaminar.org\/test\/?s={search_term_string}"},"query-input":{"@type":"PropertyValueSpecification","valueRequired":true,"valueName":"search_term_string"}}],"inLanguage":"en-US"}]}},"campaignId":"","_links":{"self":[{"href":"https:\/\/acaminar.org\/en\/wp-json\/wp\/v2\/pages\/650","targetHints":{"allow":["GET"]}}],"collection":[{"href":"https:\/\/acaminar.org\/en\/wp-json\/wp\/v2\/pages"}],"about":[{"href":"https:\/\/acaminar.org\/en\/wp-json\/wp\/v2\/types\/page"}],"author":[{"embeddable":true,"href":"https:\/\/acaminar.org\/en\/wp-json\/wp\/v2\/users\/1"}],"replies":[{"embeddable":true,"href":"https:\/\/acaminar.org\/en\/wp-json\/wp\/v2\/comments?post=650"}],"version-history":[{"count":249,"href":"https:\/\/acaminar.org\/en\/wp-json\/wp\/v2\/pages\/650\/revisions"}],"predecessor-version":[{"id":23762,"href":"https:\/\/acaminar.org\/en\/wp-json\/wp\/v2\/pages\/650\/revisions\/23762"}],"wp:attachment":[{"href":"https:\/\/acaminar.org\/en\/wp-json\/wp\/v2\/media?parent=650"}],"curies":[{"name":"wp","href":"https:\/\/api.w.org\/{rel}","templated":true}]}}